{"id":8991,"date":"2025-03-04T10:19:25","date_gmt":"2025-03-04T10:19:25","guid":{"rendered":"https:\/\/elevatecompetences.com\/?page_id=8991"},"modified":"2026-01-08T15:45:05","modified_gmt":"2026-01-08T15:45:05","slug":"resultados","status":"publish","type":"page","link":"http:\/\/elevatecompetences.com\/es\/resultados\/","title":{"rendered":"Resultados"},"content":{"rendered":"<div data-elementor-type=\"wp-page\" data-elementor-id=\"8991\" class=\"elementor elementor-8991\">\n\t\t\t\t<div class=\"elementor-element elementor-element-1558f58 e-con-full e-flex e-con e-parent\" data-id=\"1558f58\" data-element_type=\"container\" data-e-type=\"container\" data-settings=\"{&quot;background_background&quot;:&quot;classic&quot;}\">\n\t\t\t\t<div class=\"elementor-element elementor-element-b86a67c elementor-widget__width-inherit elementor-widget elementor-widget-heading\" data-id=\"b86a67c\" data-element_type=\"widget\" data-e-type=\"widget\" data-widget_type=\"heading.default\">\n\t\t\t\t<div class=\"elementor-widget-container\">\n\t\t\t\t\t<h1 class=\"elementor-heading-title elementor-size-default\">RESULTADOS DEL PROYECTO<\/h1>\t\t\t\t<\/div>\n\t\t\t\t<\/div>\n\t\t\t\t<\/div>\n\t\t<div class=\"elementor-element elementor-element-5222f10 e-flex e-con-boxed e-con e-parent\" data-id=\"5222f10\" data-element_type=\"container\" data-e-type=\"container\">\n\t\t\t\t\t<div class=\"e-con-inner\">\n\t\t\t\t<div class=\"elementor-element elementor-element-45da6c2 elementor-widget elementor-widget-text-editor\" data-id=\"45da6c2\" data-element_type=\"widget\" data-e-type=\"widget\" data-widget_type=\"text-editor.default\">\n\t\t\t\t<div class=\"elementor-widget-container\">\n\t\t\t\t\t\t\t\t\t<p>En <b>ELEVAR <\/b>creemos que el campo de la formaci\u00f3n en competencia intercultural necesita un cambio transformador para lograr un cambio significativo y sostenible. Nuestra misi\u00f3n consiste en sensibilizar profundamente a los principales responsables de la toma de decisiones y aprovechar la tecnolog\u00eda de vanguardia y las soluciones innovadoras para crear un impacto duradero. Para ello, estamos desarrollando una metodolog\u00eda innovadora que redefinir\u00e1 la forma en que las organizaciones abordan la competencia intercultural.<\/p>\n<p>Entre los principales hitos y resultados del proyecto figuran:<\/p>\t\t\t\t\t\t\t\t<\/div>\n\t\t\t\t<\/div>\n\t\t\t\t\t<\/div>\n\t\t\t\t<\/div>\n\t\t<div class=\"elementor-element elementor-element-7b67059 e-con-full e-flex e-con e-parent\" data-id=\"7b67059\" data-element_type=\"container\" data-e-type=\"container\">\n\t\t\t\t<div class=\"elementor-element elementor-element-801851b elementor-widget elementor-widget-n-accordion\" data-id=\"801851b\" data-element_type=\"widget\" data-e-type=\"widget\" data-settings=\"{&quot;default_state&quot;:&quot;expanded&quot;,&quot;max_items_expended&quot;:&quot;one&quot;,&quot;n_accordion_animation_duration&quot;:{&quot;unit&quot;:&quot;ms&quot;,&quot;size&quot;:400,&quot;sizes&quot;:[]}}\" data-widget_type=\"nested-accordion.default\">\n\t\t\t\t<div class=\"elementor-widget-container\">\n\t\t\t\t\t\t\t<div class=\"e-n-accordion\" aria-label=\"Accordion. Open links with Enter or Space, close with Escape, and navigate with Arrow Keys\">\n\t\t\t\t\t\t<details id=\"e-n-accordion-item-1340\" class=\"e-n-accordion-item\" open>\n\t\t\t\t<summary class=\"e-n-accordion-item-title\" data-accordion-index=\"1\" tabindex=\"0\" aria-expanded=\"true\" aria-controls=\"e-n-accordion-item-1340\" >\n\t\t\t\t\t<span class='e-n-accordion-item-title-header'><div class=\"e-n-accordion-item-title-text\"> INVESTIGACI\u00d3N SOBRE LA COMPETENCIA INTERCULTURAL EN LAS EMPRESAS <\/div><\/span>\n\t\t\t\t\t\t\t<span class='e-n-accordion-item-title-icon'>\n\t\t\t<span class='e-opened' ><i aria-hidden=\"true\" class=\"fas fa-minus\"><\/i><\/span>\n\t\t\t<span class='e-closed'><i aria-hidden=\"true\" class=\"fas fa-plus\"><\/i><\/span>\n\t\t<\/span>\n\n\t\t\t\t\t\t<\/summary>\n\t\t\t\t<div role=\"region\" aria-labelledby=\"e-n-accordion-item-1340\" class=\"elementor-element elementor-element-b24b589 e-con-full e-flex e-con e-child\" data-id=\"b24b589\" data-element_type=\"container\" data-e-type=\"container\">\n\t\t\t\t<div class=\"elementor-element elementor-element-a794a58 elementor-widget elementor-widget-text-editor\" data-id=\"a794a58\" data-element_type=\"widget\" data-e-type=\"widget\" data-widget_type=\"text-editor.default\">\n\t\t\t\t<div class=\"elementor-widget-container\">\n\t\t\t\t\t\t\t\t\t<p>Estamos llevando a cabo una amplia investigaci\u00f3n para identificar las pr\u00e1cticas actuales y las lagunas en el desarrollo de la competencia intercultural en todos los sectores.<\/p>\t\t\t\t\t\t\t\t<\/div>\n\t\t\t\t<\/div>\n\t\t\t\t<\/div>\n\t\t\t\t\t<\/details>\n\t\t\t\t\t\t<details id=\"e-n-accordion-item-1341\" class=\"e-n-accordion-item\" >\n\t\t\t\t<summary class=\"e-n-accordion-item-title\" data-accordion-index=\"2\" tabindex=\"-1\" aria-expanded=\"false\" aria-controls=\"e-n-accordion-item-1341\" >\n\t\t\t\t\t<span class='e-n-accordion-item-title-header'><div class=\"e-n-accordion-item-title-text\"> HERRAMIENTA DE AUTOEVALUACI\u00d3N <\/div><\/span>\n\t\t\t\t\t\t\t<span class='e-n-accordion-item-title-icon'>\n\t\t\t<span class='e-opened' ><i aria-hidden=\"true\" class=\"fas fa-minus\"><\/i><\/span>\n\t\t\t<span class='e-closed'><i aria-hidden=\"true\" class=\"fas fa-plus\"><\/i><\/span>\n\t\t<\/span>\n\n\t\t\t\t\t\t<\/summary>\n\t\t\t\t<div role=\"region\" aria-labelledby=\"e-n-accordion-item-1341\" class=\"elementor-element elementor-element-fa18519 e-con-full e-flex e-con e-child\" data-id=\"fa18519\" data-element_type=\"container\" data-e-type=\"container\">\n\t\t\t\t<div class=\"elementor-element elementor-element-da6c534 elementor-widget elementor-widget-text-editor\" data-id=\"da6c534\" data-element_type=\"widget\" data-e-type=\"widget\" data-widget_type=\"text-editor.default\">\n\t\t\t\t<div class=\"elementor-widget-container\">\n\t\t\t\t\t\t\t\t\t<p>Se trata de una herramienta de autoevaluaci\u00f3n de la competencia intercultural. Esta herramienta permitir\u00e1 a las organizaciones auditar su competencia intercultural, proporcionando informaci\u00f3n sobre las \u00e1reas de mejora.<\/p>\t\t\t\t\t\t\t\t<\/div>\n\t\t\t\t<\/div>\n\t\t\t\t<div class=\"elementor-element elementor-element-5316f90 elementor-button-info elementor-widget elementor-widget-button\" data-id=\"5316f90\" data-element_type=\"widget\" data-e-type=\"widget\" data-widget_type=\"button.default\">\n\t\t\t\t<div class=\"elementor-widget-container\">\n\t\t\t\t\t\t\t\t\t<div class=\"elementor-button-wrapper\">\n\t\t\t\t\t<a class=\"elementor-button elementor-button-link elementor-size-sm\" href=\"https:\/\/elevatecompetences.com\/es\/resultados\/herramienta-de-autoevaluacion\/\">\n\t\t\t\t\t\t<span class=\"elementor-button-content-wrapper\">\n\t\t\t\t\t\t\t\t\t<span class=\"elementor-button-text\">Saber m\u00e1s sobre la herramienta<\/span>\n\t\t\t\t\t<\/span>\n\t\t\t\t\t<\/a>\n\t\t\t\t<\/div>\n\t\t\t\t\t\t\t\t<\/div>\n\t\t\t\t<\/div>\n\t\t\t\t<\/div>\n\t\t\t\t\t<\/details>\n\t\t\t\t\t\t<details id=\"e-n-accordion-item-1342\" class=\"e-n-accordion-item\" >\n\t\t\t\t<summary class=\"e-n-accordion-item-title\" data-accordion-index=\"3\" tabindex=\"-1\" aria-expanded=\"false\" aria-controls=\"e-n-accordion-item-1342\" >\n\t\t\t\t\t<span class='e-n-accordion-item-title-header'><div class=\"e-n-accordion-item-title-text\"> APLICACI\u00d3N WEB ASISTIDIA POR IA <\/div><\/span>\n\t\t\t\t\t\t\t<span class='e-n-accordion-item-title-icon'>\n\t\t\t<span class='e-opened' ><i aria-hidden=\"true\" class=\"fas fa-minus\"><\/i><\/span>\n\t\t\t<span class='e-closed'><i aria-hidden=\"true\" class=\"fas fa-plus\"><\/i><\/span>\n\t\t<\/span>\n\n\t\t\t\t\t\t<\/summary>\n\t\t\t\t<div role=\"region\" aria-labelledby=\"e-n-accordion-item-1342\" class=\"elementor-element elementor-element-2d21d2c e-con-full e-flex e-con e-child\" data-id=\"2d21d2c\" data-element_type=\"container\" data-e-type=\"container\">\n\t\t\t\t<div class=\"elementor-element elementor-element-023861f elementor-widget elementor-widget-text-editor\" data-id=\"023861f\" data-element_type=\"widget\" data-e-type=\"widget\" data-widget_type=\"text-editor.default\">\n\t\t\t\t<div class=\"elementor-widget-container\">\n\t\t\t\t\t\t\t\t\t<p>Integrando teor\u00edas educativas y enfoques de aprendizaje personalizado, esta aplicaci\u00f3n ofrecer\u00e1 itinerarios de aprendizaje a medida, sistemas adaptativos, retroalimentaci\u00f3n automatizada y conocimientos basados en datos para mejorar significativamente la eficacia de la formaci\u00f3n intercultural.<\/p>\t\t\t\t\t\t\t\t<\/div>\n\t\t\t\t<\/div>\n\t\t\t\t<\/div>\n\t\t\t\t\t<\/details>\n\t\t\t\t\t\t<details id=\"e-n-accordion-item-1343\" class=\"e-n-accordion-item\" >\n\t\t\t\t<summary class=\"e-n-accordion-item-title\" data-accordion-index=\"4\" tabindex=\"-1\" aria-expanded=\"false\" aria-controls=\"e-n-accordion-item-1343\" >\n\t\t\t\t\t<span class='e-n-accordion-item-title-header'><div class=\"e-n-accordion-item-title-text\"> MANUAL DE FORMACI\u00d3N EN COMPETENCIA INTERCULTURAL <\/div><\/span>\n\t\t\t\t\t\t\t<span class='e-n-accordion-item-title-icon'>\n\t\t\t<span class='e-opened' ><i aria-hidden=\"true\" class=\"fas fa-minus\"><\/i><\/span>\n\t\t\t<span class='e-closed'><i aria-hidden=\"true\" class=\"fas fa-plus\"><\/i><\/span>\n\t\t<\/span>\n\n\t\t\t\t\t\t<\/summary>\n\t\t\t\t<div role=\"region\" aria-labelledby=\"e-n-accordion-item-1343\" class=\"elementor-element elementor-element-2301e71 e-con-full e-flex e-con e-child\" data-id=\"2301e71\" data-element_type=\"container\" data-e-type=\"container\">\n\t\t\t\t<div class=\"elementor-element elementor-element-69d0206 elementor-widget elementor-widget-text-editor\" data-id=\"69d0206\" data-element_type=\"widget\" data-e-type=\"widget\" data-widget_type=\"text-editor.default\">\n\t\t\t\t<div class=\"elementor-widget-container\">\n\t\t\t\t\t\t\t\t\t<p>Una gu\u00eda completa dise\u00f1ada para formadores y profesionales de la formaci\u00f3n y el desarrollo, que les dota de las herramientas y estrategias necesarias para un desarrollo eficaz de la competencia intercultural.<\/p>\t\t\t\t\t\t\t\t<\/div>\n\t\t\t\t<\/div>\n\t\t\t\t<\/div>\n\t\t\t\t\t<\/details>\n\t\t\t\t\t<\/div>\n\t\t\t\t\t\t<\/div>\n\t\t\t\t<\/div>\n\t\t\t\t<\/div>\n\t\t\t\t<\/div>","protected":false},"excerpt":{"rendered":"<p>RESULTADOS DEL PROYECTO En ELEVATE creemos que el campo de la formaci\u00f3n en competencia intercultural necesita un cambio transformador para lograr un cambio significativo y sostenible. Nuestra misi\u00f3n consiste en sensibilizar profundamente a los principales responsables de la toma de decisiones y aprovechar la tecnolog\u00eda de vanguardia y las soluciones innovadoras para crear un impacto [&hellip;]<\/p>\n","protected":false},"author":3,"featured_media":0,"parent":0,"menu_order":0,"comment_status":"closed","ping_status":"closed","template":"","meta":{"footnotes":""},"class_list":["post-8991","page","type-page","status-publish","hentry"],"blocksy_meta":[],"yoast_head":"<!-- This site is optimized with the Yoast SEO plugin v27.5 - https:\/\/yoast.com\/product\/yoast-seo-wordpress\/ -->\n<title>Resultados<\/title>\n<meta name=\"robots\" content=\"index, follow, max-snippet:-1, max-image-preview:large, max-video-preview:-1\" \/>\n<link rel=\"canonical\" href=\"http:\/\/elevatecompetences.com\/es\/resultados\/\" \/>\n<meta property=\"og:locale\" content=\"es_ES\" \/>\n<meta property=\"og:type\" content=\"article\" \/>\n<meta property=\"og:title\" content=\"Resultados\" \/>\n<meta property=\"og:description\" content=\"RESULTADOS DEL PROYECTO En ELEVATE creemos que el campo de la formaci\u00f3n en competencia intercultural necesita un cambio transformador para lograr un cambio significativo y sostenible. Nuestra misi\u00f3n consiste en sensibilizar profundamente a los principales responsables de la toma de decisiones y aprovechar la tecnolog\u00eda de vanguardia y las soluciones innovadoras para crear un impacto [&hellip;]\" \/>\n<meta property=\"og:url\" content=\"http:\/\/elevatecompetences.com\/es\/resultados\/\" \/>\n<meta property=\"og:site_name\" content=\"ELEVATE\" \/>\n<meta property=\"article:modified_time\" content=\"2026-01-08T15:45:05+00:00\" \/>\n<meta name=\"twitter:card\" content=\"summary_large_image\" \/>\n<meta name=\"twitter:label1\" content=\"Tiempo de lectura\" \/>\n\t<meta name=\"twitter:data1\" content=\"2 minutos\" \/>\n<script type=\"application\/ld+json\" class=\"yoast-schema-graph\">{\"@context\":\"https:\\\/\\\/schema.org\",\"@graph\":[{\"@type\":\"WebPage\",\"@id\":\"http:\\\/\\\/elevatecompetences.com\\\/es\\\/resultados\\\/\",\"url\":\"http:\\\/\\\/elevatecompetences.com\\\/es\\\/resultados\\\/\",\"name\":\"Resultados\",\"isPartOf\":{\"@id\":\"http:\\\/\\\/elevatecompetences.com\\\/es\\\/#website\"},\"datePublished\":\"2025-03-04T10:19:25+00:00\",\"dateModified\":\"2026-01-08T15:45:05+00:00\",\"breadcrumb\":{\"@id\":\"http:\\\/\\\/elevatecompetences.com\\\/es\\\/resultados\\\/#breadcrumb\"},\"inLanguage\":\"es\",\"potentialAction\":[{\"@type\":\"ReadAction\",\"target\":[\"http:\\\/\\\/elevatecompetences.com\\\/es\\\/resultados\\\/\"]}]},{\"@type\":\"BreadcrumbList\",\"@id\":\"http:\\\/\\\/elevatecompetences.com\\\/es\\\/resultados\\\/#breadcrumb\",\"itemListElement\":[{\"@type\":\"ListItem\",\"position\":1,\"name\":\"Home\",\"item\":\"https:\\\/\\\/elevatecompetences.com\\\/es\\\/home-spanish\\\/\"},{\"@type\":\"ListItem\",\"position\":2,\"name\":\"Resultados\"}]},{\"@type\":\"WebSite\",\"@id\":\"http:\\\/\\\/elevatecompetences.com\\\/es\\\/#website\",\"url\":\"http:\\\/\\\/elevatecompetences.com\\\/es\\\/\",\"name\":\"ELEVATE\",\"description\":\"Funded by the Erasmus+ Programme, ELEVATE brings together an international consortium of academic institutions, training providers, and social innovation organizations across different european countries. The project aims to redefine how intercultural competence is developed, evaluated, and sustained in vocational education and training (VET) and in broader organizational learning ecosystems.\",\"publisher\":{\"@id\":\"http:\\\/\\\/elevatecompetences.com\\\/es\\\/#organization\"},\"potentialAction\":[{\"@type\":\"SearchAction\",\"target\":{\"@type\":\"EntryPoint\",\"urlTemplate\":\"http:\\\/\\\/elevatecompetences.com\\\/es\\\/?s={search_term_string}\"},\"query-input\":{\"@type\":\"PropertyValueSpecification\",\"valueRequired\":true,\"valueName\":\"search_term_string\"}}],\"inLanguage\":\"es\"},{\"@type\":\"Organization\",\"@id\":\"http:\\\/\\\/elevatecompetences.com\\\/es\\\/#organization\",\"name\":\"ELEVATE\",\"url\":\"http:\\\/\\\/elevatecompetences.com\\\/es\\\/\",\"logo\":{\"@type\":\"ImageObject\",\"inLanguage\":\"es\",\"@id\":\"http:\\\/\\\/elevatecompetences.com\\\/es\\\/#\\\/schema\\\/logo\\\/image\\\/\",\"url\":\"http:\\\/\\\/elevatecompetences.com\\\/wp-content\\\/uploads\\\/2025\\\/02\\\/elevate-4-1.png\",\"contentUrl\":\"http:\\\/\\\/elevatecompetences.com\\\/wp-content\\\/uploads\\\/2025\\\/02\\\/elevate-4-1.png\",\"width\":208,\"height\":245,\"caption\":\"ELEVATE\"},\"image\":{\"@id\":\"http:\\\/\\\/elevatecompetences.com\\\/es\\\/#\\\/schema\\\/logo\\\/image\\\/\"}}]}<\/script>\n<!-- \/ Yoast SEO plugin. -->","yoast_head_json":{"title":"Resultados","robots":{"index":"index","follow":"follow","max-snippet":"max-snippet:-1","max-image-preview":"max-image-preview:large","max-video-preview":"max-video-preview:-1"},"canonical":"http:\/\/elevatecompetences.com\/es\/resultados\/","og_locale":"es_ES","og_type":"article","og_title":"Resultados","og_description":"RESULTADOS DEL PROYECTO En ELEVATE creemos que el campo de la formaci\u00f3n en competencia intercultural necesita un cambio transformador para lograr un cambio significativo y sostenible. Nuestra misi\u00f3n consiste en sensibilizar profundamente a los principales responsables de la toma de decisiones y aprovechar la tecnolog\u00eda de vanguardia y las soluciones innovadoras para crear un impacto [&hellip;]","og_url":"http:\/\/elevatecompetences.com\/es\/resultados\/","og_site_name":"ELEVATE","article_modified_time":"2026-01-08T15:45:05+00:00","twitter_card":"summary_large_image","twitter_misc":{"Tiempo de lectura":"2 minutos"},"schema":{"@context":"https:\/\/schema.org","@graph":[{"@type":"WebPage","@id":"http:\/\/elevatecompetences.com\/es\/resultados\/","url":"http:\/\/elevatecompetences.com\/es\/resultados\/","name":"Resultados","isPartOf":{"@id":"http:\/\/elevatecompetences.com\/es\/#website"},"datePublished":"2025-03-04T10:19:25+00:00","dateModified":"2026-01-08T15:45:05+00:00","breadcrumb":{"@id":"http:\/\/elevatecompetences.com\/es\/resultados\/#breadcrumb"},"inLanguage":"es","potentialAction":[{"@type":"ReadAction","target":["http:\/\/elevatecompetences.com\/es\/resultados\/"]}]},{"@type":"BreadcrumbList","@id":"http:\/\/elevatecompetences.com\/es\/resultados\/#breadcrumb","itemListElement":[{"@type":"ListItem","position":1,"name":"Home","item":"https:\/\/elevatecompetences.com\/es\/home-spanish\/"},{"@type":"ListItem","position":2,"name":"Resultados"}]},{"@type":"WebSite","@id":"http:\/\/elevatecompetences.com\/es\/#website","url":"http:\/\/elevatecompetences.com\/es\/","name":"ELEVAR","description":"Funded by the Erasmus+ Programme, ELEVATE brings together an international consortium of academic institutions, training providers, and social innovation organizations across different european countries. The project aims to redefine how intercultural competence is developed, evaluated, and sustained in vocational education and training (VET) and in broader organizational learning ecosystems.","publisher":{"@id":"http:\/\/elevatecompetences.com\/es\/#organization"},"potentialAction":[{"@type":"SearchAction","target":{"@type":"EntryPoint","urlTemplate":"http:\/\/elevatecompetences.com\/es\/?s={search_term_string}"},"query-input":{"@type":"PropertyValueSpecification","valueRequired":true,"valueName":"search_term_string"}}],"inLanguage":"es"},{"@type":"Organization","@id":"http:\/\/elevatecompetences.com\/es\/#organization","name":"ELEVAR","url":"http:\/\/elevatecompetences.com\/es\/","logo":{"@type":"ImageObject","inLanguage":"es","@id":"http:\/\/elevatecompetences.com\/es\/#\/schema\/logo\/image\/","url":"http:\/\/elevatecompetences.com\/wp-content\/uploads\/2025\/02\/elevate-4-1.png","contentUrl":"http:\/\/elevatecompetences.com\/wp-content\/uploads\/2025\/02\/elevate-4-1.png","width":208,"height":245,"caption":"ELEVATE"},"image":{"@id":"http:\/\/elevatecompetences.com\/es\/#\/schema\/logo\/image\/"}}]}},"_links":{"self":[{"href":"http:\/\/elevatecompetences.com\/es\/wp-json\/wp\/v2\/pages\/8991","targetHints":{"allow":["GET"]}}],"collection":[{"href":"http:\/\/elevatecompetences.com\/es\/wp-json\/wp\/v2\/pages"}],"about":[{"href":"http:\/\/elevatecompetences.com\/es\/wp-json\/wp\/v2\/types\/page"}],"author":[{"embeddable":true,"href":"http:\/\/elevatecompetences.com\/es\/wp-json\/wp\/v2\/users\/3"}],"replies":[{"embeddable":true,"href":"http:\/\/elevatecompetences.com\/es\/wp-json\/wp\/v2\/comments?post=8991"}],"version-history":[{"count":34,"href":"http:\/\/elevatecompetences.com\/es\/wp-json\/wp\/v2\/pages\/8991\/revisions"}],"predecessor-version":[{"id":10377,"href":"http:\/\/elevatecompetences.com\/es\/wp-json\/wp\/v2\/pages\/8991\/revisions\/10377"}],"wp:attachment":[{"href":"http:\/\/elevatecompetences.com\/es\/wp-json\/wp\/v2\/media?parent=8991"}],"curies":[{"name":"wp","href":"https:\/\/api.w.org\/{rel}","templated":true}]}}